{"id":7,"date":"2023-06-29T09:26:19","date_gmt":"2023-06-29T09:26:19","guid":{"rendered":"https:\/\/kinderherzhilfe.convario-staging.de\/?page_id=7"},"modified":"2023-07-06T14:53:21","modified_gmt":"2023-07-06T14:53:21","slug":"about","status":"publish","type":"page","link":"https:\/\/kinderherzhilfe.convario-staging.de\/index.php\/about\/","title":{"rendered":"Verein"},"content":{"rendered":"<p>&nbsp;<\/p>\n\n\n<h2 id=\"inspiro-is-a-digital-product-agency-that-focuses-on-strategy-and-design\" class=\"wp-block-heading has-large-font-size\" style=\"font-style: normal; font-weight: bold;\"><strong>Kinderherzhilfe Vechta e.V.<\/strong><\/h2>\n\n\n\n<div class=\"wp-block-columns is-layout-flex wp-container-core-columns-is-layout-9d6595d7 wp-block-columns-is-layout-flex\">\n<div class=\"wp-block-column is-vertically-aligned-top is-layout-flow wp-block-column-is-layout-flow\" style=\"flex-basis:66.66%\"><div class=\"wp-block-image\">\n<figure class=\"alignleft size-full is-resized\"><img loading=\"lazy\" decoding=\"async\" src=\"https:\/\/kinderherzhilfe.convario-staging.de\/wp-content\/uploads\/2023\/06\/2E820526-ADDD-4659-A320-9C5C872DF8DC-700x525-1.jpeg\" alt=\"\" class=\"wp-image-108\" width=\"531\" height=\"398\" srcset=\"https:\/\/kinderherzhilfe.convario-staging.de\/wp-content\/uploads\/2023\/06\/2E820526-ADDD-4659-A320-9C5C872DF8DC-700x525-1.jpeg 700w, https:\/\/kinderherzhilfe.convario-staging.de\/wp-content\/uploads\/2023\/06\/2E820526-ADDD-4659-A320-9C5C872DF8DC-700x525-1-300x225.jpeg 300w\" sizes=\"auto, (max-width: 531px) 100vw, 531px\" \/><\/figure>\n<\/div><\/div>\n\n\n\n<div class=\"wp-block-column is-vertically-aligned-top has-white-color has-text-color has-background is-layout-flow wp-block-column-is-layout-flow\" style=\"background-color:#d92b2b;flex-basis:33.33%\">\n<h5 style=\"padding-left: 40px;\"><span class=\"small\" style=\"color: #ffffff;\">1. Vorsitzende<br \/><\/span><span style=\"color: #ffffff;\"><strong>Corinna Krogmann<\/strong><\/span><\/h5>\n<h5 style=\"padding-left: 40px;\"><span class=\"small\" style=\"color: #ffffff;\">2. Vorsitzender<br \/><\/span><span style=\"color: #ffffff;\"><strong>Marlies Robke<\/strong><\/span><\/h5>\n<h5 style=\"padding-left: 40px;\"><span class=\"small\" style=\"color: #ffffff;\">Kassenwart<br \/><\/span><span style=\"color: #ffffff;\"><strong>Dirk Rilling<\/strong><\/span><\/h5>\n<h5 style=\"padding-left: 40px;\"><span class=\"small\" style=\"color: #ffffff;\">Schriftf\u00fchrerin<br \/><\/span><span style=\"color: #ffffff;\"><strong>Stefanie Philipps<\/strong><\/span><\/h5>\n<h5 style=\"padding-left: 40px;\"><span class=\"small\" style=\"color: #ffffff;\">Beisitzer<br \/><\/span><span style=\"color: #ffffff;\"><strong>Brigitte Melzer<\/strong><\/span><br \/><span style=\"color: #ffffff;\"><strong>Elisabeth Grote<\/strong><\/span><br \/><span style=\"color: #ffffff;\"><strong>Max Koch<\/strong><\/span><br \/><span style=\"color: #ffffff;\"><strong>Philipp Plagge<\/strong><\/span><br \/><span style=\"color: #ffffff;\"><strong>Marigrete Imwalle<\/strong><\/span><br \/><span style=\"color: #ffffff;\"><strong>Marita Ahlers<\/strong><\/span><\/h5>\n<\/div>\n<\/div>\n\n\n\n<div class=\"wp-block-spacer\" style=\"height: 100px;\" aria-hidden=\"true\">\u00a0<\/div>\n\n\n\n<div class=\"wp-block-columns alignwide is-layout-flex wp-container-core-columns-is-layout-9d6595d7 wp-block-columns-is-layout-flex\">\n<div class=\"wp-block-column is-layout-flow wp-block-column-is-layout-flow\">\n<p class=\"has-black-color has-text-color has-medium-font-size\">Downloads<\/p>\n\n\n\n<p>Wie unterst\u00fctzt der Verein seine Mitglieder, welche Dinge k\u00f6nnen beantragt werden. All das findet man in umserem Unterst\u00fczungskatalog.<\/p>\n\n\n\n<p><a href=\"https:\/\/www.kinderherzhilfe-vechta.de\/wp-content\/uploads\/Unterstuetzungskatalog.pdf\" target=\"_blank\" rel=\"noreferrer noopener\">Unterst\u00fctzungskatalog<\/a><\/p>\n\n\n\n<p>Formular f\u00fcr die Erstattung der Fahrtkosten<\/p>\n\n\n\n<p><a href=\"https:\/\/www.kinderherzhilfe-vechta.de\/wp-content\/uploads\/Antrag-auf-Fahrtkostenerstattung-1.pdf\" target=\"_blank\" rel=\"noreferrer noopener\">Antrag auf Fahrtkostenerstattung<\/a><\/p>\n\n\n\n<p>Formular f\u00fcr Erstattung sonstiger Kosten<\/p>\n\n\n\n<p><a href=\"https:\/\/www.kinderherzhilfe-vechta.de\/wp-content\/uploads\/Antrag-auf-Kostenerstattung.pdf\" target=\"_blank\" rel=\"noreferrer noopener\">Ant<\/a><a href=\"https:\/\/www.kinderherzhilfe-vechta.de\/wp-content\/uploads\/Antrag-auf-Kostenerstattung-1.pdf\" target=\"_blank\" rel=\"noreferrer noopener\">rag auf Kostenerstattung<\/a><\/p>\n\n\n\n<p>Der Verein hat stellt f\u00fcr unsere Kinder einen Notfallpass zur Verf\u00fcgung.<\/p>\n\n\n\n<p><a href=\"https:\/\/www.kinderherzhilfe-vechta.de\/wp-content\/uploads\/KHH_Notfallpass_A4_ausfuellbar.pdf\" target=\"_blank\" rel=\"noreferrer noopener\">KHH_Notfallpass<\/a><\/p>\n<\/div>\n\n\n\n<div class=\"wp-block-column is-layout-flow wp-block-column-is-layout-flow\">\n<p class=\"has-black-color has-text-color has-medium-font-size\">Mitgliedschaft<\/p>\n\n\n\n<p>Hier k\u00f6nnen Sie den Mitgliedsantrag als&nbsp;<a href=\"https:\/\/www.kinderherzhilfe-vechta.de\/wp-content\/uploads\/Mitgliedsantrag-Kinderherzhilfe_12-2017-a.pdf\">pdf Datei<\/a>&nbsp;(Acrobat Reader erforderlich) herunterladen.<\/p>\n\n\n\n<p>Bitte f\u00fcllen Sie den Antrag handschriftlich oder am PC aus, drucken ihn aus und unterschreiben ihn bitte an beiden Stellen. Bringen Sie den Antrag zum n\u00e4chsten Treffen mit oder schicken Sie ihn per Post an:<\/p>\n\n\n\n<p>Corinna Krogmann<br>(1. Vorsitzende)<br>Sonnenblumenweg 12<br>49377 Vechta<\/p>\n\n\n\n<p>Dr. med. J\u00fcrgen Holtvogt<br>Facharzt f\u00fcr Kinderkardiologie<br>St. Marienhospital Vechta<br>Marienstra\u00dfe 6-8<br>49377 Vechta<\/p>\n<\/div>\n<\/div>\n\n\n\n<div class=\"wp-block-columns alignwide is-layout-flex wp-container-core-columns-is-layout-9d6595d7 wp-block-columns-is-layout-flex\">\n<div class=\"wp-block-column is-layout-flow wp-block-column-is-layout-flow\">\n<p class=\"has-black-color has-text-color has-medium-font-size\">Erfahrungsberichte<\/p>\n\n\n\n<p>In den Erfahrungsberichten erfahren<br>Sie mehr von unseren Herzkindern.<br>Falls Sie einen eigenen Erfahrungsbericht<br>ver\u00f6ffentlichen m\u00f6chten, lassen<br>Sie uns diesen bitte Stefan Schliebe per&nbsp;<a>E-Mail<\/a><br>zukommen.<\/p>\n\n\n\n<p><a href=\"http:\/\/kinderherzhilfe-vechta.ws46\/wp-content\/uploads\/Erfahrungsberichte\/erfahrungsbericht_fabian.pdf\" target=\"_blank\" rel=\"noreferrer noopener\">Erfahrungsbericht Fabian<\/a><br><a href=\"http:\/\/kinderherzhilfe-vechta.ws46\/wp-content\/uploads\/Erfahrungsberichte\/Erfahrungsbericht-Leon.pdf\" target=\"_blank\" rel=\"noreferrer noopener\">Erfahrungsbericht Leon<\/a><br><a href=\"http:\/\/kinderherzhilfe-vechta.ws46\/wp-content\/uploads\/Erfahrungsberichte\/erfahrungsbericht_ramon.pdf\" target=\"_blank\" rel=\"noreferrer noopener\">Erfahrungsbericht Ramon<\/a><br><a href=\"http:\/\/kinderherzhilfe-vechta.ws46\/wp-content\/uploads\/Erfahrungsberichte\/erfahrungsbericht_lieske.pdf\" target=\"_blank\" rel=\"noreferrer noopener\">Erfahrungsbericht Lieske<\/a><br><a href=\"http:\/\/kinderherzhilfe-vechta.ws46\/wp-content\/uploads\/Erfahrungsberichte\/erfahrungsberichtmerle.pdf\" target=\"_blank\" rel=\"noreferrer noopener\">Erfahrungsbericht Merle<\/a><br><a href=\"http:\/\/kinderherzhilfe-vechta.ws46\/wp-content\/uploads\/Erfahrungsberichte\/Erfahrungsbericht-Christopher.pdf\" target=\"_blank\" rel=\"noreferrer noopener\">Erfahrungsbericht Christopher<\/a><\/p>\n<\/div>\n\n\n\n<div class=\"wp-block-column is-layout-flow wp-block-column-is-layout-flow\">\n<p class=\"has-black-color has-text-color has-medium-font-size\">Veranstaltungen<\/p>\n\n\n\n<p>Keine Veranstaltungen<\/p>\n<\/div>\n<\/div>\n\n\n\n<div class=\"wp-block-spacer\" style=\"height: 34px;\" aria-hidden=\"true\">\u00a0<\/div>\n\n\n\n<div class=\"wp-block-columns alignfull are-vertically-aligned-center is-layout-flex wp-container-core-columns-is-layout-9d6595d7 wp-block-columns-is-layout-flex\">\n<div class=\"wp-block-column is-vertically-aligned-center is-layout-flow wp-block-column-is-layout-flow\">\n<div class=\"wp-block-columns has-white-color has-text-color has-background is-layout-flex wp-container-core-columns-is-layout-9d6595d7 wp-block-columns-is-layout-flex\" style=\"background-color:#d92b2b\">\n<div class=\"wp-block-column is-vertically-aligned-center is-layout-flow wp-block-column-is-layout-flow\">\n<h3 style=\"text-align: right;\"><span class=\"big\" style=\"color: #ffffff;\">Wir freuen uns \u00fcber jede Spende!<\/span><\/h3>\n<p style=\"text-align: right;\">Geben Sie bitte in der Rubrik <br>Verwendungszweck Ihre Adresse an, so k\u00f6nnen wir Ihnen<br>direkt eine Spendenbescheinigung zusenden. <br>Bei Fragen wenden Sie sich bitte per E-Mail an unseren Kassenwart&nbsp;<span style=\"color: #ffffff;\"><a style=\"color: #ffffff;\">Dirk Rilling<\/a><\/span>.<\/p>\n<\/div>\n\n\n\n<div class=\"wp-block-column is-vertically-aligned-center is-layout-flow wp-block-column-is-layout-flow\">\n<p><strong>Volksbank<\/strong> Vechta<strong> eG<\/strong><br><strong>IBAN: DE83 2806 4179 0427 1009 00<\/strong><br><strong>BIC: GENODEF1VEC<\/strong><\/p>\n<p><strong>Kreissparkasse Bersenbr\u00fcck<\/strong><br><strong>IBAN: DE96 2655 1540 0017 3720 46<\/strong><br><strong>BIC: NOLADE21BEB<\/strong><\/p>\n<\/div>\n<\/div>\n<\/div>\n<\/div>\n\n\n\n<h2 class=\"wp-block-heading has-large-font-size\" style=\"font-style: normal; font-weight: bold;\">Informationen des Bundesverbandes Herzkranker Kinder e.V.<\/h2>\n\n\n\n<div class=\"wp-block-columns is-layout-flex wp-container-core-columns-is-layout-9d6595d7 wp-block-columns-is-layout-flex\">\n<div class=\"wp-block-column is-vertically-aligned-top is-layout-flow wp-block-column-is-layout-flow\">\n<h3>Aktuelle vom BVHK zur Verf\u00fcgung gestellte Flyer<\/h3>\n<p><a href=\"https:\/\/www.bvhk.de\/wp-content\/uploads\/2018\/10\/FOR_2016.pdf\" target=\"_blank\" rel=\"noopener\">FOR Brosch\u00fcre<\/a><br \/><a href=\"https:\/\/www.bvhk.de\/wp-content\/uploads\/2018\/01\/Herzkranke-Kinder-in-der-Schule-2017-Web.pdf\" target=\"_blank\" rel=\"noopener\">Herzkranke Kinder in der Schule<\/a><br \/><a href=\"https:\/\/www.bvhk.de\/wp-content\/uploads\/2016\/12\/HLHS-Broschu%CC%88re-2017.pdf\" target=\"_blank\" rel=\"noopener\">Leitfaden HLHS und das univentrikul\u00e4re Herz<\/a><br \/><a href=\"https:\/\/www.bvhk.de\/wp-content\/uploads\/2018\/09\/Gut-informiert-zur-Herz-OP-2018-Web.pdf\" target=\"_blank\" rel=\"noopener\">Gut informiert zur Herz-OP<\/a><br \/><a href=\"https:\/\/www.bvhk.de\/wp-content\/uploads\/2018\/09\/Sport-macht-stark-2018-Web.pdf\" target=\"_blank\" rel=\"noopener\">Sport macht stark<\/a><br \/><a href=\"http:\/\/www.bvhk.de\/wp-content\/uploads\/2016\/12\/Flyer-Sozialrechtberatung-Web.pdf\" target=\"_blank\" rel=\"noopener\">Sozialrechtsberatung BVHK<\/a><\/p>\n<p><a href=\"http:\/\/www.bvhk.de\/broschueren\/broschueren-pdf-download\/\" target=\"_blank\" rel=\"noopener\">Weitere Brosch\u00fcren<\/a><\/p>\n<\/div>\n\n\n\n<div class=\"wp-block-column is-layout-flow wp-block-column-is-layout-flow\">\n<h3>Veranstaltungen<\/h3>\n<p>keine Veranstaltungen<\/p>\n<\/div>\n\n\n\n<div class=\"wp-block-column is-layout-flow wp-block-column-is-layout-flow\">\n<h3>Herzfenster<\/h3>\n<p><a href=\"http:\/\/www.bvhk.de\/wp-content\/uploads\/2016\/12\/Herzfenster-1-2016.pdf\" target=\"_blank\" rel=\"noopener\">Herzfenster 1\/2016<\/a><br><a href=\"http:\/\/www.bvhk.de\/wp-content\/uploads\/2016\/12\/Herzfenster-2-2016-Web.pdf\" target=\"_blank\" rel=\"noopener\">Herzfenster 2\/2016<\/a><\/p>\n<p><a href=\"https:\/\/www.bvhk.de\/wp-content\/uploads\/2017\/10\/Herzfenster_2-2017.pdf\" target=\"_blank\" rel=\"noopener\">Herzfenster 2\/2017<\/a><a href=\"https:\/\/www.bvhk.de\/wp-content\/uploads\/2017\/10\/Herzfenster_2-2017.pdf\" target=\"_blank\" rel=\"noopener\"><br><\/a><a href=\"https:\/\/www.bvhk.de\/wp-content\/uploads\/2018\/04\/Herzfenster-1-2018.pdf\" target=\"_blank\" rel=\"noopener\">Herzfenster 1\/2018<\/a><\/p>\n<p><a href=\"https:\/\/www.bvhk.de\/wp-content\/uploads\/2018\/09\/Herzfenster-2-2018-Web.pdf\" target=\"_blank\" rel=\"noopener\">Herzfenster 2\/2018<\/a><\/p>\n<p>Weitere Informationen finden Sie auf den Seiten des BVHK<\/p>\n<p><em>Ein Ratgeber f\u00fcr alle Fragen rund ums Herz:<img loading=\"lazy\" decoding=\"async\" class=\"wp-image-284 aligncenter\" src=\"https:\/\/kinderherzhilfe.convario-staging.de\/wp-content\/uploads\/2023\/07\/logo_herzklick.jpg\" alt=\"\" width=\"232\" height=\"98\"><\/em><\/p>\n<p>Internetauftritt vom Bundesverband:<\/p>\n<p><img loading=\"lazy\" decoding=\"async\" class=\"alignright size-medium wp-image-285\" src=\"https:\/\/kinderherzhilfe.convario-staging.de\/wp-content\/uploads\/2023\/07\/bvhk_logo-300x142.png\" alt=\"\" width=\"300\" height=\"142\" srcset=\"https:\/\/kinderherzhilfe.convario-staging.de\/wp-content\/uploads\/2023\/07\/bvhk_logo-300x142.png 300w, https:\/\/kinderherzhilfe.convario-staging.de\/wp-content\/uploads\/2023\/07\/bvhk_logo.png 656w\" sizes=\"auto, (max-width: 300px) 100vw, 300px\" \/><\/p>\n<\/div>\n<\/div>\n","protected":false},"excerpt":{"rendered":"<p>&nbsp; Kinderherzhilfe Vechta e.V. 1. VorsitzendeCorinna Krogmann 2. VorsitzenderMarlies Robke KassenwartDirk Rilling Schriftf\u00fchrerinStefanie Philipps BeisitzerBrigitte MelzerElisabeth GroteMax KochPhilipp PlaggeMarigrete ImwalleMarita Ahlers Downloads Wie unterst\u00fctzt der Verein seine Mitglieder, welche Dinge k\u00f6nnen beantragt werden. All das findet man in umserem Unterst\u00fczungskatalog. Unterst\u00fctzungskatalog Formular f\u00fcr die Erstattung der Fahrtkosten Antrag auf Fahrtkostenerstattung Formular f\u00fcr Erstattung sonstiger Kosten &hellip; <\/p>\n<p class=\"link-more\"><a href=\"https:\/\/kinderherzhilfe.convario-staging.de\/index.php\/about\/\" class=\"more-link\">Mehr <span class=\"screen-reader-text\">\u00fcber &#8222;Verein&#8220; <\/span>Lesen<\/a><\/p>\n","protected":false},"author":1,"featured_media":177,"parent":0,"menu_order":0,"comment_status":"closed","ping_status":"closed","template":"","meta":{"footnotes":""},"class_list":["post-7","page","type-page","status-publish","has-post-thumbnail","hentry"],"_links":{"self":[{"href":"https:\/\/kinderherzhilfe.convario-staging.de\/index.php\/wp-json\/wp\/v2\/pages\/7","targetHints":{"allow":["GET"]}}],"collection":[{"href":"https:\/\/kinderherzhilfe.convario-staging.de\/index.php\/wp-json\/wp\/v2\/pages"}],"about":[{"href":"https:\/\/kinderherzhilfe.convario-staging.de\/index.php\/wp-json\/wp\/v2\/types\/page"}],"author":[{"embeddable":true,"href":"https:\/\/kinderherzhilfe.convario-staging.de\/index.php\/wp-json\/wp\/v2\/users\/1"}],"replies":[{"embeddable":true,"href":"https:\/\/kinderherzhilfe.convario-staging.de\/index.php\/wp-json\/wp\/v2\/comments?post=7"}],"version-history":[{"count":33,"href":"https:\/\/kinderherzhilfe.convario-staging.de\/index.php\/wp-json\/wp\/v2\/pages\/7\/revisions"}],"predecessor-version":[{"id":306,"href":"https:\/\/kinderherzhilfe.convario-staging.de\/index.php\/wp-json\/wp\/v2\/pages\/7\/revisions\/306"}],"wp:featuredmedia":[{"embeddable":true,"href":"https:\/\/kinderherzhilfe.convario-staging.de\/index.php\/wp-json\/wp\/v2\/media\/177"}],"wp:attachment":[{"href":"https:\/\/kinderherzhilfe.convario-staging.de\/index.php\/wp-json\/wp\/v2\/media?parent=7"}],"curies":[{"name":"wp","href":"https:\/\/api.w.org\/{rel}","templated":true}]}}